{"id":522,"date":"2022-11-16T15:49:34","date_gmt":"2022-11-16T14:49:34","guid":{"rendered":"https:\/\/gc-preview.tmp.tchncs.de\/team\/"},"modified":"2022-11-30T23:14:56","modified_gmt":"2022-11-30T22:14:56","slug":"team","status":"publish","type":"page","link":"https:\/\/gc-preview.tmp.tchncs.de\/en\/team\/","title":{"rendered":"Team"},"content":{"rendered":"\n<div class=\"wp-block-group container\"><div class=\"wp-block-group__inner-container is-layout-flow wp-block-group-is-layout-flow\">\n<h2 class=\"wp-block-heading\">Das Team hinter dem Garagen\u2013Campus<\/h2>\n\n\n\n<p>Die partizipative Entwicklung des Garagen-Campus im Rahmen der Kulturhauptstadt Chemnitz 2025 wird koordiniert durch ein Kernteam, bestehend aus Mitarbeitenden der Stadt Chemnitz, CVAG, Age of Artists gGmbH und der Stra\u00dfenbahnfreunde Chemnitz e.V.<\/p>\n<\/div><\/div>\n\n\n\n<div class=\"wp-block-group container-fluid\"><div class=\"wp-block-group__inner-container is-layout-flow wp-block-group-is-layout-flow\">\n<div class=\"wp-block-group\"><div class=\"wp-block-group__inner-container is-layout-flow wp-block-group-is-layout-flow\">\n<div class=\"wp-block-group block-latest-posts row\"><div class=\"wp-block-group__inner-container is-layout-flow wp-block-group-is-layout-flow\">\n<div class=\"wp-block-group col-lg-4 col-md-12 col-xs-12\"><div class=\"wp-block-group__inner-container is-layout-flow wp-block-group-is-layout-flow\">\n<figure class=\"wp-block-image size-full\"><img loading=\"lazy\" decoding=\"async\" width=\"800\" height=\"769\" src=\"https:\/\/gc-preview.tmp.tchncs.de\/wp-content\/uploads\/2022\/11\/Dirk-Dobiey.jpg\" alt=\"\" class=\"wp-image-597\" srcset=\"https:\/\/gc-preview.tmp.tchncs.de\/wp-content\/uploads\/2022\/11\/Dirk-Dobiey.jpg 800w, https:\/\/gc-preview.tmp.tchncs.de\/wp-content\/uploads\/2022\/11\/Dirk-Dobiey-300x288.jpg 300w, https:\/\/gc-preview.tmp.tchncs.de\/wp-content\/uploads\/2022\/11\/Dirk-Dobiey-768x738.jpg 768w\" sizes=\"auto, (max-width: 800px) 100vw, 800px\" \/><\/figure>\n\n\n\n<div class=\"wp-block-group thumbtainer\"><div class=\"wp-block-group__inner-container is-layout-flow wp-block-group-is-layout-flow\">\n<h2 class=\"wp-block-heading\">Dirk Dobie\u00fd<\/h2>\n\n\n\n<p>Dirk Dobi\u00e9y is co-founder of the research and consulting firm  <a rel=\"noreferrer noopener\" href=\"https:\/\/ageofartists.org\/\" target=\"_blank\">Age of Artists<\/a>. For the European Capital of Culture Chemnitz 2025, he coordinates the strategic and conceptual evolution of the Garage-Campus.<\/p>\n<\/div><\/div>\n<\/div><\/div>\n\n\n\n<div class=\"wp-block-group col-lg-4 col-md-12 col-xs-12\"><div class=\"wp-block-group__inner-container is-layout-flow wp-block-group-is-layout-flow\">\n<figure class=\"wp-block-image size-full\"><img loading=\"lazy\" decoding=\"async\" width=\"437\" height=\"535\" src=\"http:\/\/100.97.60.12:8103\/wp-content\/uploads\/2022\/08\/missing.jpg\" alt=\"\" class=\"wp-image-98\" srcset=\"https:\/\/gc-preview.tmp.tchncs.de\/wp-content\/uploads\/2022\/08\/missing.jpg 437w, https:\/\/gc-preview.tmp.tchncs.de\/wp-content\/uploads\/2022\/08\/missing-245x300.jpg 245w\" sizes=\"auto, (max-width: 437px) 100vw, 437px\" \/><\/figure>\n\n\n\n<div class=\"wp-block-group thumbtainer\"><div class=\"wp-block-group__inner-container is-layout-flow wp-block-group-is-layout-flow\">\n<h2 class=\"wp-block-heading\">Ferenc Cs\u00e1k<\/h2>\n\n\n\n<p>Amtsleiter Kulturbetrieb Stadt Chemnitz<\/p>\n<\/div><\/div>\n<\/div><\/div>\n\n\n\n<div class=\"wp-block-group col-lg-4 col-md-12 col-xs-12\"><div class=\"wp-block-group__inner-container is-layout-flow wp-block-group-is-layout-flow\">\n<figure class=\"wp-block-image size-full\"><img loading=\"lazy\" decoding=\"async\" width=\"437\" height=\"535\" src=\"http:\/\/100.97.60.12:8103\/wp-content\/uploads\/2022\/08\/missing.jpg\" alt=\"\" class=\"wp-image-98\" srcset=\"https:\/\/gc-preview.tmp.tchncs.de\/wp-content\/uploads\/2022\/08\/missing.jpg 437w, https:\/\/gc-preview.tmp.tchncs.de\/wp-content\/uploads\/2022\/08\/missing-245x300.jpg 245w\" sizes=\"auto, (max-width: 437px) 100vw, 437px\" \/><\/figure>\n\n\n\n<div class=\"wp-block-group thumbtainer\"><div class=\"wp-block-group__inner-container is-layout-flow wp-block-group-is-layout-flow\">\n<h2 class=\"wp-block-heading\">Claudia Gro\u00dfkopp<\/h2>\n\n\n\n<p>Gesch\u00e4ftsf\u00fchrerin Stra\u00dfenbahnmuseum Chemnitz<\/p>\n<\/div><\/div>\n<\/div><\/div>\n\n\n\n<div class=\"wp-block-group col-lg-4 col-md-12 col-xs-12\"><div class=\"wp-block-group__inner-container is-layout-flow wp-block-group-is-layout-flow\">\n<figure class=\"wp-block-image size-full\"><img loading=\"lazy\" decoding=\"async\" width=\"437\" height=\"535\" src=\"http:\/\/100.97.60.12:8103\/wp-content\/uploads\/2022\/08\/missing.jpg\" alt=\"\" class=\"wp-image-98\" srcset=\"https:\/\/gc-preview.tmp.tchncs.de\/wp-content\/uploads\/2022\/08\/missing.jpg 437w, https:\/\/gc-preview.tmp.tchncs.de\/wp-content\/uploads\/2022\/08\/missing-245x300.jpg 245w\" sizes=\"auto, (max-width: 437px) 100vw, 437px\" \/><\/figure>\n\n\n\n<div class=\"wp-block-group thumbtainer\"><div class=\"wp-block-group__inner-container is-layout-flow wp-block-group-is-layout-flow\">\n<h2 class=\"wp-block-heading\">David Joram<\/h2>\n\n\n\n<p>Gesch\u00e4ftsbereichsleiter Technischer Service, CVAG<\/p>\n<\/div><\/div>\n<\/div><\/div>\n\n\n\n<div class=\"wp-block-group col-lg-4 col-md-12 col-xs-12\"><div class=\"wp-block-group__inner-container is-layout-flow wp-block-group-is-layout-flow\">\n<figure class=\"wp-block-image size-full\"><img loading=\"lazy\" decoding=\"async\" width=\"437\" height=\"535\" src=\"http:\/\/100.97.60.12:8103\/wp-content\/uploads\/2022\/08\/missing.jpg\" alt=\"\" class=\"wp-image-98\" srcset=\"https:\/\/gc-preview.tmp.tchncs.de\/wp-content\/uploads\/2022\/08\/missing.jpg 437w, https:\/\/gc-preview.tmp.tchncs.de\/wp-content\/uploads\/2022\/08\/missing-245x300.jpg 245w\" sizes=\"auto, (max-width: 437px) 100vw, 437px\" \/><\/figure>\n\n\n\n<div class=\"wp-block-group thumbtainer\"><div class=\"wp-block-group__inner-container is-layout-flow wp-block-group-is-layout-flow\">\n<h2 class=\"wp-block-heading\">Ulf Kallscheidt<\/h2>\n\n\n\n<p>Projektkoordinator Stabsstelle Europ\u00e4ische Kulturhauptstadt Chemnitz 2025, Stadt Chemnitz<\/p>\n<\/div><\/div>\n<\/div><\/div>\n\n\n\n<div class=\"wp-block-group col-lg-4 col-md-12 col-xs-12\"><div class=\"wp-block-group__inner-container is-layout-flow wp-block-group-is-layout-flow\">\n<figure class=\"wp-block-image size-full\"><img loading=\"lazy\" decoding=\"async\" width=\"437\" height=\"535\" src=\"http:\/\/100.97.60.12:8103\/wp-content\/uploads\/2022\/08\/missing.jpg\" alt=\"\" class=\"wp-image-98\" srcset=\"https:\/\/gc-preview.tmp.tchncs.de\/wp-content\/uploads\/2022\/08\/missing.jpg 437w, https:\/\/gc-preview.tmp.tchncs.de\/wp-content\/uploads\/2022\/08\/missing-245x300.jpg 245w\" sizes=\"auto, (max-width: 437px) 100vw, 437px\" \/><\/figure>\n\n\n\n<div class=\"wp-block-group thumbtainer\"><div class=\"wp-block-group__inner-container is-layout-flow wp-block-group-is-layout-flow\">\n<h2 class=\"wp-block-heading\">Juliane Kirste<\/h2>\n\n\n\n<p>Pressesprecherin, CVAG<\/p>\n<\/div><\/div>\n<\/div><\/div>\n\n\n\n<div class=\"wp-block-group col-lg-4 col-md-12 col-xs-12\"><div class=\"wp-block-group__inner-container is-layout-flow wp-block-group-is-layout-flow\">\n<figure class=\"wp-block-image size-full\"><img loading=\"lazy\" decoding=\"async\" width=\"437\" height=\"535\" src=\"http:\/\/100.97.60.12:8103\/wp-content\/uploads\/2022\/08\/missing.jpg\" alt=\"\" class=\"wp-image-98\" srcset=\"https:\/\/gc-preview.tmp.tchncs.de\/wp-content\/uploads\/2022\/08\/missing.jpg 437w, https:\/\/gc-preview.tmp.tchncs.de\/wp-content\/uploads\/2022\/08\/missing-245x300.jpg 245w\" sizes=\"auto, (max-width: 437px) 100vw, 437px\" \/><\/figure>\n\n\n\n<div class=\"wp-block-group thumbtainer\"><div class=\"wp-block-group__inner-container is-layout-flow wp-block-group-is-layout-flow\">\n<h2 class=\"wp-block-heading\">Tobias Maisch<\/h2>\n\n\n\n<p>Dipl.-Ing. Architekt, Frida Architekten<\/p>\n<\/div><\/div>\n<\/div><\/div>\n\n\n\n<div class=\"wp-block-group col-lg-4 col-md-12 col-xs-12\"><div class=\"wp-block-group__inner-container is-layout-flow wp-block-group-is-layout-flow\">\n<figure class=\"wp-block-image size-full\"><img loading=\"lazy\" decoding=\"async\" width=\"437\" height=\"535\" src=\"http:\/\/100.97.60.12:8103\/wp-content\/uploads\/2022\/08\/missing.jpg\" alt=\"\" class=\"wp-image-98\" srcset=\"https:\/\/gc-preview.tmp.tchncs.de\/wp-content\/uploads\/2022\/08\/missing.jpg 437w, https:\/\/gc-preview.tmp.tchncs.de\/wp-content\/uploads\/2022\/08\/missing-245x300.jpg 245w\" sizes=\"auto, (max-width: 437px) 100vw, 437px\" \/><\/figure>\n\n\n\n<div class=\"wp-block-group thumbtainer\"><div class=\"wp-block-group__inner-container is-layout-flow wp-block-group-is-layout-flow\">\n<h2 class=\"wp-block-heading\">Jana Strohbach<\/h2>\n\n\n\n<p>Projektkoordinatorin Infrastruktur Kulturhauptstadt 2025. Stadt Chemnitz<\/p>\n<\/div><\/div>\n<\/div><\/div>\n\n\n\n<div class=\"wp-block-group col-lg-4 col-md-12 col-xs-12\"><div class=\"wp-block-group__inner-container is-layout-flow wp-block-group-is-layout-flow\">\n<figure class=\"wp-block-image size-full\"><img loading=\"lazy\" decoding=\"async\" width=\"437\" height=\"535\" src=\"http:\/\/100.97.60.12:8103\/wp-content\/uploads\/2022\/08\/missing.jpg\" alt=\"\" class=\"wp-image-98\" srcset=\"https:\/\/gc-preview.tmp.tchncs.de\/wp-content\/uploads\/2022\/08\/missing.jpg 437w, https:\/\/gc-preview.tmp.tchncs.de\/wp-content\/uploads\/2022\/08\/missing-245x300.jpg 245w\" sizes=\"auto, (max-width: 437px) 100vw, 437px\" \/><\/figure>\n\n\n\n<div class=\"wp-block-group thumbtainer\"><div class=\"wp-block-group__inner-container is-layout-flow wp-block-group-is-layout-flow\">\n<h2 class=\"wp-block-heading\">Tina Winkel<\/h2>\n\n\n\n<p>Projektkoordination Garagen-Campus, Age of Artists<\/p>\n<\/div><\/div>\n<\/div><\/div>\n<\/div><\/div>\n<\/div><\/div>\n<\/div><\/div>\n","protected":false},"excerpt":{"rendered":"<p> [&#8230;]<\/p>\n<p><a class=\"btn btn-secondary understrap-read-more-link\" href=\"https:\/\/gc-preview.tmp.tchncs.de\/en\/team\/\">Read More&#8230;<span class=\"screen-reader-text\"> from Team<\/span><\/a><\/p>\n","protected":false},"author":1,"featured_media":657,"parent":0,"menu_order":0,"comment_status":"closed","ping_status":"closed","template":"","meta":{"_EventAllDay":false,"_EventTimezone":"","_EventStartDate":"","_EventEndDate":"","_EventStartDateUTC":"","_EventEndDateUTC":"","_EventShowMap":false,"_EventShowMapLink":false,"_EventURL":"","_EventCost":"","_EventCostDescription":"","_EventCurrencySymbol":"","_EventCurrencyCode":"","_EventCurrencyPosition":"","_EventDateTimeSeparator":"","_EventTimeRangeSeparator":"","_EventOrganizerID":[],"_EventVenueID":[],"_OrganizerEmail":"","_OrganizerPhone":"","_OrganizerWebsite":"","_VenueAddress":"","_VenueCity":"","_VenueCountry":"","_VenueProvince":"","_VenueState":"","_VenueZip":"","_VenuePhone":"","_VenueURL":"","_VenueStateProvince":"","_VenueLat":"","_VenueLng":"","_VenueShowMap":false,"_VenueShowMapLink":false,"footnotes":""},"class_list":["post-522","page","type-page","status-publish","has-post-thumbnail","hentry"],"_links":{"self":[{"href":"https:\/\/gc-preview.tmp.tchncs.de\/en\/wp-json\/wp\/v2\/pages\/522","targetHints":{"allow":["GET"]}}],"collection":[{"href":"https:\/\/gc-preview.tmp.tchncs.de\/en\/wp-json\/wp\/v2\/pages"}],"about":[{"href":"https:\/\/gc-preview.tmp.tchncs.de\/en\/wp-json\/wp\/v2\/types\/page"}],"author":[{"embeddable":true,"href":"https:\/\/gc-preview.tmp.tchncs.de\/en\/wp-json\/wp\/v2\/users\/1"}],"replies":[{"embeddable":true,"href":"https:\/\/gc-preview.tmp.tchncs.de\/en\/wp-json\/wp\/v2\/comments?post=522"}],"version-history":[{"count":3,"href":"https:\/\/gc-preview.tmp.tchncs.de\/en\/wp-json\/wp\/v2\/pages\/522\/revisions"}],"predecessor-version":[{"id":602,"href":"https:\/\/gc-preview.tmp.tchncs.de\/en\/wp-json\/wp\/v2\/pages\/522\/revisions\/602"}],"wp:featuredmedia":[{"embeddable":true,"href":"https:\/\/gc-preview.tmp.tchncs.de\/en\/wp-json\/wp\/v2\/media\/657"}],"wp:attachment":[{"href":"https:\/\/gc-preview.tmp.tchncs.de\/en\/wp-json\/wp\/v2\/media?parent=522"}],"curies":[{"name":"wp","href":"https:\/\/api.w.org\/{rel}","templated":true}]}}